{"id":1080,"date":"2020-02-25T16:13:18","date_gmt":"2020-02-25T16:13:18","guid":{"rendered":"http:\/\/localhost\/ibmetall\/?page_id=1080"},"modified":"2022-04-14T19:11:29","modified_gmt":"2022-04-14T19:11:29","slug":"teenused","status":"publish","type":"page","link":"https:\/\/www.ibmetall.ee\/en\/teenused\/","title":{"rendered":"SERVICES"},"content":{"rendered":"<div class=\"vc_row wpb_row vc_row-fluid\"><div class=\"wpb_column vc_column_container vc_col-sm-12\"><div class=\"vc_column-inner\"><div class=\"wpb_wrapper\">\n\t<div  class=\"wpb_single_image wpb_content_element vc_align_center\">\n\t\t\n\t\t<figure class=\"wpb_wrapper vc_figure\">\n\t\t\t<div class=\"vc_single_image-wrapper   vc_box_border_grey\"><img class=\"vc_single_image-img\" src=\"https:\/\/www.ibmetall.ee\/wp-content\/uploads\/2020\/03\/Teenused_collage-scaled-2560x400.jpg\" width=\"2560\" height=\"400\" alt=\"Teenused_collage\" title=\"Teenused_collage\" \/><\/div>\n\t\t<\/figure>\n\t<\/div>\n<\/div><\/div><\/div><\/div><div class=\"vc_row wpb_row vc_row-fluid\"><div class=\"wpb_column vc_column_container vc_col-sm-12\"><div class=\"vc_column-inner\"><div class=\"wpb_wrapper\"><div class=\"vc_tta-container\" data-vc-action=\"collapse\"><div class=\"vc_general vc_tta vc_tta-tabs vc_tta-color-black vc_tta-style-modern vc_tta-shape-square vc_tta-spacing-3 vc_tta-o-no-fill vc_tta-tabs-position-top vc_tta-controls-align-left\"><div class=\"vc_tta-tabs-container\"><ul class=\"vc_tta-tabs-list\"><li class=\"vc_tta-tab vc_active\" data-vc-tab><a href=\"#1582648630080-b015d66d-6ed0\" data-vc-tabs data-vc-container=\".vc_tta\"><span class=\"vc_tta-title-text\">SHEETMETAL CUTTING<\/span><\/a><\/li><li class=\"vc_tta-tab\" data-vc-tab><a href=\"#1582648630122-5e2d86e8-e74a\" data-vc-tabs data-vc-container=\".vc_tta\"><span class=\"vc_tta-title-text\">SHEETMETAL BENDING<\/span><\/a><\/li><li class=\"vc_tta-tab\" data-vc-tab><a href=\"#1582648698956-5771bccf-11e6\" data-vc-tabs data-vc-container=\".vc_tta\"><span class=\"vc_tta-title-text\">WELDING<\/span><\/a><\/li><li class=\"vc_tta-tab\" data-vc-tab><a href=\"#1582649262781-3382eb7e-d5a5\" data-vc-tabs data-vc-container=\".vc_tta\"><span class=\"vc_tta-title-text\">OTHER WORK<\/span><\/a><\/li><\/ul><\/div><div class=\"vc_tta-panels-container\"><div class=\"vc_tta-panels\"><div class=\"vc_tta-panel vc_active\" id=\"1582648630080-b015d66d-6ed0\" data-vc-content=\".vc_tta-panel-body\"><div class=\"vc_tta-panel-heading\"><h4 class=\"vc_tta-panel-title\"><a href=\"#1582648630080-b015d66d-6ed0\" data-vc-accordion data-vc-container=\".vc_tta-container\"><span class=\"vc_tta-title-text\">SHEETMETAL CUTTING<\/span><\/a><\/h4><\/div><div class=\"vc_tta-panel-body\">\n\t<div class=\"wpb_text_column wpb_content_element\" >\n\t\t<div class=\"wpb_wrapper\">\n\t\t\t<p><span style=\"font-family: Roboto; font-size: 20px;\">Sheetmetal cutting on a modern cnc-controlled punch press. It is possible to cut components of very different shapes and sizes. In addition, different formings are possible. Automatic loading and unloading system for large batches. <\/span><\/p>\n<p><span style=\"font-family: Roboto; font-size: 20px;\">Our machines:<\/span><\/p>\n<ul>\n<li><span style=\"font-family: Roboto; font-size: 20px;\">Punch press Murata Vectrum3046 + loading system F1-1250<br \/>\nMax. sheet size 2500x1250mm, thickness 3mm<\/span><\/li>\n<li><span style=\"font-family: Roboto; font-size: 20px;\">Guillotine shears SAFAN<br \/>\nMax. lenght 2500mm, thickness 3mm <\/span><\/li>\n<\/ul>\n\n\t\t<\/div>\n\t<\/div>\n<\/div><\/div><div class=\"vc_tta-panel\" id=\"1582648630122-5e2d86e8-e74a\" data-vc-content=\".vc_tta-panel-body\"><div class=\"vc_tta-panel-heading\"><h4 class=\"vc_tta-panel-title\"><a href=\"#1582648630122-5e2d86e8-e74a\" data-vc-accordion data-vc-container=\".vc_tta-container\"><span class=\"vc_tta-title-text\">SHEETMETAL BENDING<\/span><\/a><\/h4><\/div><div class=\"vc_tta-panel-body\">\n\t<div class=\"wpb_text_column wpb_content_element\" >\n\t\t<div class=\"wpb_wrapper\">\n\t\t\t<p><span style=\"font-family: Roboto; font-size: 20px;\">Sheetmetal bending on a modern cnc-controlled press brake. It is possible to bend components of different sizes and complexity. <\/span><\/p>\n<p><span style=\"font-family: Roboto; font-size: 20px;\">Our machines:<\/span><\/p>\n<ul>\n<li><span style=\"font-family: Roboto; font-size: 20px;\">Press brake Schiavi HFB-S80\/25 \u2013 80 tons<br \/>\nMax. pikkus 2500mm, paksus 6mm<\/span><\/li>\n<li><span style=\"font-family: Roboto; font-size: 20px;\">Press brake Cone900 \u2013 22 tons<br \/>\nMax. lenght 900mm, thickness 6mm<\/span><\/li>\n<li><span style=\"font-family: Roboto; font-size: 20px;\">Possible to bend polycarbonate parts<br \/>\nMax. lenght 2500mm, thickness 4mm<\/span><\/li>\n<\/ul>\n\n\t\t<\/div>\n\t<\/div>\n<\/div><\/div><div class=\"vc_tta-panel\" id=\"1582648698956-5771bccf-11e6\" data-vc-content=\".vc_tta-panel-body\"><div class=\"vc_tta-panel-heading\"><h4 class=\"vc_tta-panel-title\"><a href=\"#1582648698956-5771bccf-11e6\" data-vc-accordion data-vc-container=\".vc_tta-container\"><span class=\"vc_tta-title-text\">WELDING<\/span><\/a><\/h4><\/div><div class=\"vc_tta-panel-body\">\n\t<div class=\"wpb_text_column wpb_content_element\" >\n\t\t<div class=\"wpb_wrapper\">\n\t\t\t<ul>\n<li><span style=\"font-family: Roboto; font-size: 20px;\">Mig<\/span><\/li>\n<li><span style=\"font-family: Roboto; font-size: 20px;\">Tig<\/span><\/li>\n<li><span style=\"font-family: Roboto; font-size: 20px;\">Contactwelding<\/span><\/li>\n<\/ul>\n\n\t\t<\/div>\n\t<\/div>\n<\/div><\/div><div class=\"vc_tta-panel\" id=\"1582649262781-3382eb7e-d5a5\" data-vc-content=\".vc_tta-panel-body\"><div class=\"vc_tta-panel-heading\"><h4 class=\"vc_tta-panel-title\"><a href=\"#1582649262781-3382eb7e-d5a5\" data-vc-accordion data-vc-container=\".vc_tta-container\"><span class=\"vc_tta-title-text\">OTHER WORK<\/span><\/a><\/h4><\/div><div class=\"vc_tta-panel-body\">\n\t<div class=\"wpb_text_column wpb_content_element\" >\n\t\t<div class=\"wpb_wrapper\">\n\t\t\t<p><span style=\"font-family: Roboto; font-size: 20px;\">We also perform all kinds of special order and assembly work<\/span><\/p>\n<p>&nbsp;<\/p>\n<p>&nbsp;<\/p>\n\n\t\t<\/div>\n\t<\/div>\n<\/div><\/div><\/div><\/div><\/div><\/div><\/div><\/div><\/div><\/div><div class=\"vc_row wpb_row vc_row-fluid\"><div class=\"wpb_column vc_column_container vc_col-sm-12\"><div class=\"vc_column-inner\"><div class=\"wpb_wrapper\"><div class=\"vc_separator wpb_content_element vc_separator_align_center vc_sep_width_100 vc_sep_dotted vc_sep_pos_align_center vc_separator_no_text vc_sep_color_mulled_wine\" ><span class=\"vc_sep_holder vc_sep_holder_l\"><span  class=\"vc_sep_line\"><\/span><\/span><span class=\"vc_sep_holder vc_sep_holder_r\"><span  class=\"vc_sep_line\"><\/span><\/span>\n<\/div><\/div><\/div><\/div><\/div>","protected":false},"excerpt":{"rendered":"LEHTMETALLI L\u00d5IKUSLEHTMETALLI PAINUTUSKEEVITUST\u00d6\u00d6DMUUD T\u00d6\u00d6DLEHTMETALLI L\u00d5IKUS Lehtmaterjali l\u00f5ikus kaasaegsel cnc-juhtimisega lehet\u00f6\u00f6keskusel. V\u00f5imalik l\u00f5igata v\u00e4ga erineva kuju ja suurusega detaile. Lisaks v\u00f5imalikud ka erinevad vormingud. Suurte partiide puhul automaatne peale- ja mahalaadimiss\u00fcsteem. Masinapark: Lehet\u00f6\u00f6keskus Murata Vectrum3046 + laadimiss\u00fcsteem F1-1250 Max. lehe m\u00f5\u00f5t 2500x1250mm, paksus 3mm Giljotiink\u00e4\u00e4rid SAFAN Max. pikkus 2500mm, paksus 3mm LEHTMETALLI PAINUTUS Lehtmetalli painutamine kaasaegselContinue reading &rarr;","protected":false},"author":1,"featured_media":0,"parent":0,"menu_order":0,"comment_status":"closed","ping_status":"closed","template":"","meta":{"_monsterinsights_skip_tracking":false,"_monsterinsights_sitenote_active":false,"_monsterinsights_sitenote_note":"","_monsterinsights_sitenote_category":0},"yoast_head":"<!-- This site is optimized with the Yoast SEO plugin v18.5.1 - https:\/\/yoast.com\/wordpress\/plugins\/seo\/ -->\n<title>Lehtmetalli l\u00f5ikus | Lehtmetalli painutamine | Lehtmetallist detailid ja tooted<\/title>\n<meta name=\"description\" content=\"Lehtmetalli l\u00f5ikus, Lehtmetalli painutamine, Metallit\u00f6\u00f6d, Allhanket\u00f6\u00f6d, Lehtmetalli t\u00f6\u00f6d. Konkurentsiv\u00f5imelised hinnad ning kiire tarne.\" \/>\n<meta name=\"robots\" content=\"index, follow, max-snippet:-1, max-image-preview:large, max-video-preview:-1\" \/>\n<link rel=\"canonical\" href=\"https:\/\/www.ibmetall.ee\/en\/teenused\/\" \/>\n<meta property=\"og:locale\" content=\"en_GB\" \/>\n<meta property=\"og:type\" content=\"article\" \/>\n<meta property=\"og:title\" content=\"Lehtmetalli l\u00f5ikus | Lehtmetalli painutamine | Lehtmetallist detailid ja tooted\" \/>\n<meta property=\"og:description\" content=\"Lehtmetalli l\u00f5ikus, Lehtmetalli painutamine, Metallit\u00f6\u00f6d, Allhanket\u00f6\u00f6d, Lehtmetalli t\u00f6\u00f6d. Konkurentsiv\u00f5imelised hinnad ning kiire tarne.\" \/>\n<meta property=\"og:url\" content=\"https:\/\/www.ibmetall.ee\/en\/teenused\/\" \/>\n<meta property=\"article:modified_time\" content=\"2022-04-14T19:11:29+00:00\" \/>\n<meta name=\"twitter:card\" content=\"summary_large_image\" \/>\n<meta name=\"twitter:label1\" content=\"Estimated reading time\" \/>\n\t<meta name=\"twitter:data1\" content=\"1 minute\" \/>\n<script type=\"application\/ld+json\" class=\"yoast-schema-graph\">{\"@context\":\"https:\/\/schema.org\",\"@graph\":[{\"@type\":\"Organization\",\"@id\":\"https:\/\/www.ibmetall.ee\/#organization\",\"name\":\"IB Metall O\u00dc\",\"url\":\"https:\/\/www.ibmetall.ee\/\",\"sameAs\":[],\"logo\":{\"@type\":\"ImageObject\",\"@id\":\"https:\/\/www.ibmetall.ee\/#logo\",\"inLanguage\":\"en-GB\",\"url\":\"https:\/\/www.ibmetall.ee\/wp-content\/uploads\/2020\/03\/IB_Metall_Logo-removebg-preview.png\",\"contentUrl\":\"https:\/\/www.ibmetall.ee\/wp-content\/uploads\/2020\/03\/IB_Metall_Logo-removebg-preview.png\",\"width\":140,\"height\":51,\"caption\":\"IB Metall O\u00dc\"},\"image\":{\"@id\":\"https:\/\/www.ibmetall.ee\/#logo\"}},{\"@type\":\"WebSite\",\"@id\":\"https:\/\/www.ibmetall.ee\/#website\",\"url\":\"https:\/\/www.ibmetall.ee\/\",\"name\":\"IB Metall\",\"description\":\"\",\"publisher\":{\"@id\":\"https:\/\/www.ibmetall.ee\/#organization\"},\"potentialAction\":[{\"@type\":\"SearchAction\",\"target\":{\"@type\":\"EntryPoint\",\"urlTemplate\":\"https:\/\/www.ibmetall.ee\/?s={search_term_string}\"},\"query-input\":\"required name=search_term_string\"}],\"inLanguage\":\"en-GB\"},{\"@type\":\"WebPage\",\"@id\":\"https:\/\/www.ibmetall.ee\/teenused\/#webpage\",\"url\":\"https:\/\/www.ibmetall.ee\/teenused\/\",\"name\":\"Lehtmetalli l\u00f5ikus | Lehtmetalli painutamine | Lehtmetallist detailid ja tooted\",\"isPartOf\":{\"@id\":\"https:\/\/www.ibmetall.ee\/#website\"},\"datePublished\":\"2020-02-25T16:13:18+00:00\",\"dateModified\":\"2022-04-14T19:11:29+00:00\",\"description\":\"Lehtmetalli l\u00f5ikus, Lehtmetalli painutamine, Metallit\u00f6\u00f6d, Allhanket\u00f6\u00f6d, Lehtmetalli t\u00f6\u00f6d. Konkurentsiv\u00f5imelised hinnad ning kiire tarne.\",\"breadcrumb\":{\"@id\":\"https:\/\/www.ibmetall.ee\/teenused\/#breadcrumb\"},\"inLanguage\":\"en-GB\",\"potentialAction\":[{\"@type\":\"ReadAction\",\"target\":[\"https:\/\/www.ibmetall.ee\/teenused\/\"]}]},{\"@type\":\"BreadcrumbList\",\"@id\":\"https:\/\/www.ibmetall.ee\/teenused\/#breadcrumb\",\"itemListElement\":[{\"@type\":\"ListItem\",\"position\":1,\"name\":\"Home\",\"item\":\"https:\/\/www.ibmetall.ee\/\"},{\"@type\":\"ListItem\",\"position\":2,\"name\":\"TEENUSED\"}]}]}<\/script>\n<!-- \/ Yoast SEO plugin. -->","yoast_head_json":{"title":"Lehtmetalli l\u00f5ikus | Lehtmetalli painutamine | Lehtmetallist detailid ja tooted","description":"Lehtmetalli l\u00f5ikus, Lehtmetalli painutamine, Metallit\u00f6\u00f6d, Allhanket\u00f6\u00f6d, Lehtmetalli t\u00f6\u00f6d. Konkurentsiv\u00f5imelised hinnad ning kiire tarne.","robots":{"index":"index","follow":"follow","max-snippet":"max-snippet:-1","max-image-preview":"max-image-preview:large","max-video-preview":"max-video-preview:-1"},"canonical":"https:\/\/www.ibmetall.ee\/en\/teenused\/","og_locale":"en_GB","og_type":"article","og_title":"Lehtmetalli l\u00f5ikus | Lehtmetalli painutamine | Lehtmetallist detailid ja tooted","og_description":"Lehtmetalli l\u00f5ikus, Lehtmetalli painutamine, Metallit\u00f6\u00f6d, Allhanket\u00f6\u00f6d, Lehtmetalli t\u00f6\u00f6d. Konkurentsiv\u00f5imelised hinnad ning kiire tarne.","og_url":"https:\/\/www.ibmetall.ee\/en\/teenused\/","article_modified_time":"2022-04-14T19:11:29+00:00","twitter_card":"summary_large_image","twitter_misc":{"Estimated reading time":"1 minute"},"schema":{"@context":"https:\/\/schema.org","@graph":[{"@type":"Organization","@id":"https:\/\/www.ibmetall.ee\/#organization","name":"IB Metall O\u00dc","url":"https:\/\/www.ibmetall.ee\/","sameAs":[],"logo":{"@type":"ImageObject","@id":"https:\/\/www.ibmetall.ee\/#logo","inLanguage":"en-GB","url":"https:\/\/www.ibmetall.ee\/wp-content\/uploads\/2020\/03\/IB_Metall_Logo-removebg-preview.png","contentUrl":"https:\/\/www.ibmetall.ee\/wp-content\/uploads\/2020\/03\/IB_Metall_Logo-removebg-preview.png","width":140,"height":51,"caption":"IB Metall O\u00dc"},"image":{"@id":"https:\/\/www.ibmetall.ee\/#logo"}},{"@type":"WebSite","@id":"https:\/\/www.ibmetall.ee\/#website","url":"https:\/\/www.ibmetall.ee\/","name":"IB Metall","description":"","publisher":{"@id":"https:\/\/www.ibmetall.ee\/#organization"},"potentialAction":[{"@type":"SearchAction","target":{"@type":"EntryPoint","urlTemplate":"https:\/\/www.ibmetall.ee\/?s={search_term_string}"},"query-input":"required name=search_term_string"}],"inLanguage":"en-GB"},{"@type":"WebPage","@id":"https:\/\/www.ibmetall.ee\/teenused\/#webpage","url":"https:\/\/www.ibmetall.ee\/teenused\/","name":"Lehtmetalli l\u00f5ikus | Lehtmetalli painutamine | Lehtmetallist detailid ja tooted","isPartOf":{"@id":"https:\/\/www.ibmetall.ee\/#website"},"datePublished":"2020-02-25T16:13:18+00:00","dateModified":"2022-04-14T19:11:29+00:00","description":"Lehtmetalli l\u00f5ikus, Lehtmetalli painutamine, Metallit\u00f6\u00f6d, Allhanket\u00f6\u00f6d, Lehtmetalli t\u00f6\u00f6d. Konkurentsiv\u00f5imelised hinnad ning kiire tarne.","breadcrumb":{"@id":"https:\/\/www.ibmetall.ee\/teenused\/#breadcrumb"},"inLanguage":"en-GB","potentialAction":[{"@type":"ReadAction","target":["https:\/\/www.ibmetall.ee\/teenused\/"]}]},{"@type":"BreadcrumbList","@id":"https:\/\/www.ibmetall.ee\/teenused\/#breadcrumb","itemListElement":[{"@type":"ListItem","position":1,"name":"Home","item":"https:\/\/www.ibmetall.ee\/"},{"@type":"ListItem","position":2,"name":"TEENUSED"}]}]}},"_links":{"self":[{"href":"https:\/\/www.ibmetall.ee\/en\/wp-json\/wp\/v2\/pages\/1080"}],"collection":[{"href":"https:\/\/www.ibmetall.ee\/en\/wp-json\/wp\/v2\/pages"}],"about":[{"href":"https:\/\/www.ibmetall.ee\/en\/wp-json\/wp\/v2\/types\/page"}],"author":[{"embeddable":true,"href":"https:\/\/www.ibmetall.ee\/en\/wp-json\/wp\/v2\/users\/1"}],"replies":[{"embeddable":true,"href":"https:\/\/www.ibmetall.ee\/en\/wp-json\/wp\/v2\/comments?post=1080"}],"version-history":[{"count":74,"href":"https:\/\/www.ibmetall.ee\/en\/wp-json\/wp\/v2\/pages\/1080\/revisions"}],"predecessor-version":[{"id":1663,"href":"https:\/\/www.ibmetall.ee\/en\/wp-json\/wp\/v2\/pages\/1080\/revisions\/1663"}],"wp:attachment":[{"href":"https:\/\/www.ibmetall.ee\/en\/wp-json\/wp\/v2\/media?parent=1080"}],"curies":[{"name":"wp","href":"https:\/\/api.w.org\/{rel}","templated":true}]}}