{"id":1175,"date":"2020-03-01T14:54:45","date_gmt":"2020-03-01T14:54:45","guid":{"rendered":"http:\/\/localhost\/ibmetall\/?page_id=1175"},"modified":"2020-03-27T10:08:42","modified_gmt":"2020-03-27T10:08:42","slug":"ustetarvikud","status":"publish","type":"page","link":"https:\/\/www.ibmetall.ee\/en\/ustetarvikud\/","title":{"rendered":"DOOR ACCESSORIES"},"content":{"rendered":"<div class=\"vc_row wpb_row vc_row-fluid\"><div class=\"wpb_column vc_column_container vc_col-sm-3\"><div class=\"vc_column-inner\"><div class=\"wpb_wrapper\"><\/div><\/div><\/div><div class=\"wpb_column vc_column_container vc_col-sm-3\"><div class=\"vc_column-inner\"><div class=\"wpb_wrapper\"><h2 style=\"font-size: 25px;color: #dd0000;text-align: left;font-family:Montserrat;font-weight:400;font-style:normal\" class=\"vc_custom_heading\" >DOOR ACCESSORIES<\/h2><div class=\"vc_separator wpb_content_element vc_separator_align_center vc_sep_width_100 vc_sep_dotted vc_sep_pos_align_left vc_separator_no_text vc_sep_color_mulled_wine\" ><span class=\"vc_sep_holder vc_sep_holder_l\"><span  class=\"vc_sep_line\"><\/span><\/span><span class=\"vc_sep_holder vc_sep_holder_r\"><span  class=\"vc_sep_line\"><\/span><\/span>\n<\/div>\n\t<div class=\"wpb_text_column wpb_content_element\" >\n\t\t<div class=\"wpb_wrapper\">\n\t\t\t<ul>\n<li><span style=\"font-family: Roboto; font-size: 16px;\">Door frames<\/span><\/li>\n<li style=\"text-align: left;\"><span style=\"font-family: Roboto; font-size: 16px;\">Doorsills<\/span><\/li>\n<li style=\"text-align: left;\"><span style=\"font-family: Roboto; font-size: 16px;\">Frame coatings<\/span><\/li>\n<li style=\"text-align: left;\"><span style=\"font-family: Roboto; font-size: 16px;\">Cover plates<\/span><\/li>\n<li><span style=\"font-family: Roboto; font-size: 16px;\">Striker plates<\/span><\/li>\n<li><span style=\"font-family: Roboto; font-size: 16px;\">Ventilation grates<\/span><\/li>\n<li><span style=\"font-family: Roboto; font-size: 16px;\">Etc.<\/span><\/li>\n<\/ul>\n<p><span style=\"font-family: Roboto; font-size: 16px;\">Can be made of different materials and with the customer's desired dimensions.<\/span><\/p>\n\n\t\t<\/div>\n\t<\/div>\n<div class=\"vc_separator wpb_content_element vc_separator_align_center vc_sep_width_100 vc_sep_dotted vc_sep_pos_align_left vc_separator_no_text vc_sep_color_mulled_wine\" ><span class=\"vc_sep_holder vc_sep_holder_l\"><span  class=\"vc_sep_line\"><\/span><\/span><span class=\"vc_sep_holder vc_sep_holder_r\"><span  class=\"vc_sep_line\"><\/span><\/span>\n<\/div><div class=\"vc_btn3-container vc_btn3-left\" ><a style=\"background-color:#ed0000; color:#ffffff;\" class=\"vc_general vc_btn3 vc_btn3-size-md vc_btn3-shape-rounded vc_btn3-style-custom\" href=\"https:\/\/www.ibmetall.ee\/en\/kontakt\/\" title=\"CONTACT\">CONTACT<\/a><\/div><\/div><\/div><\/div><div class=\"wpb_column vc_column_container vc_col-sm-3\"><div class=\"vc_column-inner\"><div class=\"wpb_wrapper\"><div class=\"vc_empty_space\"   style=\"height: 32px\"><span class=\"vc_empty_space_inner\"><\/span><\/div><div class=\"wpb_gallery wpb_content_element vc_clearfix\" ><div class=\"wpb_wrapper\"><div class=\"wpb_gallery_slides wpb_flexslider flexslider_fade flexslider\" data-interval=\"0\" data-flex_fx=\"fade\"><ul class=\"slides\"><li><a class=\"\" href=\"https:\/\/www.ibmetall.ee\/wp-content\/uploads\/2020\/03\/IMG_20200214_151332-768x1024.jpg\" data-lightbox=\"lightbox[rel-1175-3315108752]\"><img width=\"1920\" height=\"2560\" src=\"https:\/\/www.ibmetall.ee\/wp-content\/uploads\/2020\/03\/IMG_20200214_151332-scaled.jpg\" class=\"attachment-full\" alt=\"\" loading=\"lazy\" title=\"IMG_20200214_151332\" srcset=\"https:\/\/www.ibmetall.ee\/wp-content\/uploads\/2020\/03\/IMG_20200214_151332-scaled.jpg 1920w, https:\/\/www.ibmetall.ee\/wp-content\/uploads\/2020\/03\/IMG_20200214_151332-225x300.jpg 225w, https:\/\/www.ibmetall.ee\/wp-content\/uploads\/2020\/03\/IMG_20200214_151332-768x1024.jpg 768w, https:\/\/www.ibmetall.ee\/wp-content\/uploads\/2020\/03\/IMG_20200214_151332-1152x1536.jpg 1152w, https:\/\/www.ibmetall.ee\/wp-content\/uploads\/2020\/03\/IMG_20200214_151332-1536x2048.jpg 1536w\" sizes=\"(max-width: 1920px) 100vw, 1920px\" \/><\/a><\/li><li><a class=\"\" href=\"https:\/\/www.ibmetall.ee\/wp-content\/uploads\/2020\/03\/IMG_20200206_093146-768x1024.jpg\" data-lightbox=\"lightbox[rel-1175-3315108752]\"><img width=\"1920\" height=\"2560\" src=\"https:\/\/www.ibmetall.ee\/wp-content\/uploads\/2020\/03\/IMG_20200206_093146-scaled.jpg\" class=\"attachment-full\" alt=\"\" loading=\"lazy\" title=\"IMG_20200206_093146\" srcset=\"https:\/\/www.ibmetall.ee\/wp-content\/uploads\/2020\/03\/IMG_20200206_093146-scaled.jpg 1920w, https:\/\/www.ibmetall.ee\/wp-content\/uploads\/2020\/03\/IMG_20200206_093146-225x300.jpg 225w, https:\/\/www.ibmetall.ee\/wp-content\/uploads\/2020\/03\/IMG_20200206_093146-768x1024.jpg 768w, https:\/\/www.ibmetall.ee\/wp-content\/uploads\/2020\/03\/IMG_20200206_093146-1152x1536.jpg 1152w, https:\/\/www.ibmetall.ee\/wp-content\/uploads\/2020\/03\/IMG_20200206_093146-1536x2048.jpg 1536w\" sizes=\"(max-width: 1920px) 100vw, 1920px\" \/><\/a><\/li><li><a class=\"\" href=\"https:\/\/www.ibmetall.ee\/wp-content\/uploads\/2020\/03\/IMG_20200226_103509-768x1024.jpg\" data-lightbox=\"lightbox[rel-1175-3315108752]\"><img width=\"1920\" height=\"2560\" src=\"https:\/\/www.ibmetall.ee\/wp-content\/uploads\/2020\/03\/IMG_20200226_103509-scaled.jpg\" class=\"attachment-full\" alt=\"\" loading=\"lazy\" title=\"IMG_20200226_103509\" srcset=\"https:\/\/www.ibmetall.ee\/wp-content\/uploads\/2020\/03\/IMG_20200226_103509-scaled.jpg 1920w, https:\/\/www.ibmetall.ee\/wp-content\/uploads\/2020\/03\/IMG_20200226_103509-225x300.jpg 225w, https:\/\/www.ibmetall.ee\/wp-content\/uploads\/2020\/03\/IMG_20200226_103509-768x1024.jpg 768w, https:\/\/www.ibmetall.ee\/wp-content\/uploads\/2020\/03\/IMG_20200226_103509-1152x1536.jpg 1152w, https:\/\/www.ibmetall.ee\/wp-content\/uploads\/2020\/03\/IMG_20200226_103509-1536x2048.jpg 1536w\" sizes=\"(max-width: 1920px) 100vw, 1920px\" \/><\/a><\/li><li><a class=\"\" href=\"https:\/\/www.ibmetall.ee\/wp-content\/uploads\/2020\/03\/IMG_20200301_171757-768x1024.jpg\" data-lightbox=\"lightbox[rel-1175-3315108752]\"><img width=\"1920\" height=\"2560\" src=\"https:\/\/www.ibmetall.ee\/wp-content\/uploads\/2020\/03\/IMG_20200301_171757-scaled.jpg\" class=\"attachment-full\" alt=\"\" loading=\"lazy\" title=\"IMG_20200301_171757\" srcset=\"https:\/\/www.ibmetall.ee\/wp-content\/uploads\/2020\/03\/IMG_20200301_171757-scaled.jpg 1920w, https:\/\/www.ibmetall.ee\/wp-content\/uploads\/2020\/03\/IMG_20200301_171757-225x300.jpg 225w, https:\/\/www.ibmetall.ee\/wp-content\/uploads\/2020\/03\/IMG_20200301_171757-768x1024.jpg 768w, https:\/\/www.ibmetall.ee\/wp-content\/uploads\/2020\/03\/IMG_20200301_171757-1152x1536.jpg 1152w, https:\/\/www.ibmetall.ee\/wp-content\/uploads\/2020\/03\/IMG_20200301_171757-1536x2048.jpg 1536w\" sizes=\"(max-width: 1920px) 100vw, 1920px\" \/><\/a><\/li><\/ul><\/div><\/div><\/div><\/div><\/div><\/div><div class=\"wpb_column vc_column_container vc_col-sm-3\"><div class=\"vc_column-inner\"><div class=\"wpb_wrapper\"><\/div><\/div><\/div><\/div>","protected":false},"excerpt":{"rendered":"USTETARVIKUD Ukselengid L\u00e4vepakud Lengikatted Varvasplekid Lukuvastused Ventrestid Jpm. V\u00f5imalik valmistada erinevatest materjalidest ja kliendi soovitud m\u00f5\u00f5tudega. K\u00dcSI LISA","protected":false},"author":1,"featured_media":0,"parent":0,"menu_order":0,"comment_status":"closed","ping_status":"closed","template":"","meta":{"_monsterinsights_skip_tracking":false,"_monsterinsights_sitenote_active":false,"_monsterinsights_sitenote_note":"","_monsterinsights_sitenote_category":0},"yoast_head":"<!-- This site is optimized with the Yoast SEO plugin v18.5.1 - https:\/\/yoast.com\/wordpress\/plugins\/seo\/ -->\n<title>USTETARVIKUD -<\/title>\n<meta name=\"robots\" content=\"index, follow, max-snippet:-1, max-image-preview:large, max-video-preview:-1\" \/>\n<link rel=\"canonical\" href=\"https:\/\/www.ibmetall.ee\/en\/ustetarvikud\/\" \/>\n<meta property=\"og:locale\" content=\"en_GB\" \/>\n<meta property=\"og:type\" content=\"article\" \/>\n<meta property=\"og:title\" content=\"USTETARVIKUD -\" \/>\n<meta property=\"og:url\" content=\"https:\/\/www.ibmetall.ee\/en\/ustetarvikud\/\" \/>\n<meta property=\"article:modified_time\" content=\"2020-03-27T10:08:42+00:00\" \/>\n<meta name=\"twitter:card\" content=\"summary_large_image\" \/>\n<meta name=\"twitter:label1\" content=\"Estimated reading time\" \/>\n\t<meta name=\"twitter:data1\" content=\"1 minute\" \/>\n<script type=\"application\/ld+json\" class=\"yoast-schema-graph\">{\"@context\":\"https:\/\/schema.org\",\"@graph\":[{\"@type\":\"Organization\",\"@id\":\"https:\/\/www.ibmetall.ee\/#organization\",\"name\":\"IB Metall O\u00dc\",\"url\":\"https:\/\/www.ibmetall.ee\/\",\"sameAs\":[],\"logo\":{\"@type\":\"ImageObject\",\"@id\":\"https:\/\/www.ibmetall.ee\/#logo\",\"inLanguage\":\"en-GB\",\"url\":\"https:\/\/www.ibmetall.ee\/wp-content\/uploads\/2020\/03\/IB_Metall_Logo-removebg-preview.png\",\"contentUrl\":\"https:\/\/www.ibmetall.ee\/wp-content\/uploads\/2020\/03\/IB_Metall_Logo-removebg-preview.png\",\"width\":140,\"height\":51,\"caption\":\"IB Metall O\u00dc\"},\"image\":{\"@id\":\"https:\/\/www.ibmetall.ee\/#logo\"}},{\"@type\":\"WebSite\",\"@id\":\"https:\/\/www.ibmetall.ee\/#website\",\"url\":\"https:\/\/www.ibmetall.ee\/\",\"name\":\"IB Metall\",\"description\":\"\",\"publisher\":{\"@id\":\"https:\/\/www.ibmetall.ee\/#organization\"},\"potentialAction\":[{\"@type\":\"SearchAction\",\"target\":{\"@type\":\"EntryPoint\",\"urlTemplate\":\"https:\/\/www.ibmetall.ee\/?s={search_term_string}\"},\"query-input\":\"required name=search_term_string\"}],\"inLanguage\":\"en-GB\"},{\"@type\":\"WebPage\",\"@id\":\"https:\/\/www.ibmetall.ee\/ustetarvikud\/#webpage\",\"url\":\"https:\/\/www.ibmetall.ee\/ustetarvikud\/\",\"name\":\"USTETARVIKUD -\",\"isPartOf\":{\"@id\":\"https:\/\/www.ibmetall.ee\/#website\"},\"datePublished\":\"2020-03-01T14:54:45+00:00\",\"dateModified\":\"2020-03-27T10:08:42+00:00\",\"breadcrumb\":{\"@id\":\"https:\/\/www.ibmetall.ee\/ustetarvikud\/#breadcrumb\"},\"inLanguage\":\"en-GB\",\"potentialAction\":[{\"@type\":\"ReadAction\",\"target\":[\"https:\/\/www.ibmetall.ee\/ustetarvikud\/\"]}]},{\"@type\":\"BreadcrumbList\",\"@id\":\"https:\/\/www.ibmetall.ee\/ustetarvikud\/#breadcrumb\",\"itemListElement\":[{\"@type\":\"ListItem\",\"position\":1,\"name\":\"Home\",\"item\":\"https:\/\/www.ibmetall.ee\/\"},{\"@type\":\"ListItem\",\"position\":2,\"name\":\"USTETARVIKUD\"}]}]}<\/script>\n<!-- \/ Yoast SEO plugin. -->","yoast_head_json":{"title":"USTETARVIKUD -","robots":{"index":"index","follow":"follow","max-snippet":"max-snippet:-1","max-image-preview":"max-image-preview:large","max-video-preview":"max-video-preview:-1"},"canonical":"https:\/\/www.ibmetall.ee\/en\/ustetarvikud\/","og_locale":"en_GB","og_type":"article","og_title":"USTETARVIKUD -","og_url":"https:\/\/www.ibmetall.ee\/en\/ustetarvikud\/","article_modified_time":"2020-03-27T10:08:42+00:00","twitter_card":"summary_large_image","twitter_misc":{"Estimated reading time":"1 minute"},"schema":{"@context":"https:\/\/schema.org","@graph":[{"@type":"Organization","@id":"https:\/\/www.ibmetall.ee\/#organization","name":"IB Metall O\u00dc","url":"https:\/\/www.ibmetall.ee\/","sameAs":[],"logo":{"@type":"ImageObject","@id":"https:\/\/www.ibmetall.ee\/#logo","inLanguage":"en-GB","url":"https:\/\/www.ibmetall.ee\/wp-content\/uploads\/2020\/03\/IB_Metall_Logo-removebg-preview.png","contentUrl":"https:\/\/www.ibmetall.ee\/wp-content\/uploads\/2020\/03\/IB_Metall_Logo-removebg-preview.png","width":140,"height":51,"caption":"IB Metall O\u00dc"},"image":{"@id":"https:\/\/www.ibmetall.ee\/#logo"}},{"@type":"WebSite","@id":"https:\/\/www.ibmetall.ee\/#website","url":"https:\/\/www.ibmetall.ee\/","name":"IB Metall","description":"","publisher":{"@id":"https:\/\/www.ibmetall.ee\/#organization"},"potentialAction":[{"@type":"SearchAction","target":{"@type":"EntryPoint","urlTemplate":"https:\/\/www.ibmetall.ee\/?s={search_term_string}"},"query-input":"required name=search_term_string"}],"inLanguage":"en-GB"},{"@type":"WebPage","@id":"https:\/\/www.ibmetall.ee\/ustetarvikud\/#webpage","url":"https:\/\/www.ibmetall.ee\/ustetarvikud\/","name":"USTETARVIKUD -","isPartOf":{"@id":"https:\/\/www.ibmetall.ee\/#website"},"datePublished":"2020-03-01T14:54:45+00:00","dateModified":"2020-03-27T10:08:42+00:00","breadcrumb":{"@id":"https:\/\/www.ibmetall.ee\/ustetarvikud\/#breadcrumb"},"inLanguage":"en-GB","potentialAction":[{"@type":"ReadAction","target":["https:\/\/www.ibmetall.ee\/ustetarvikud\/"]}]},{"@type":"BreadcrumbList","@id":"https:\/\/www.ibmetall.ee\/ustetarvikud\/#breadcrumb","itemListElement":[{"@type":"ListItem","position":1,"name":"Home","item":"https:\/\/www.ibmetall.ee\/"},{"@type":"ListItem","position":2,"name":"USTETARVIKUD"}]}]}},"_links":{"self":[{"href":"https:\/\/www.ibmetall.ee\/en\/wp-json\/wp\/v2\/pages\/1175"}],"collection":[{"href":"https:\/\/www.ibmetall.ee\/en\/wp-json\/wp\/v2\/pages"}],"about":[{"href":"https:\/\/www.ibmetall.ee\/en\/wp-json\/wp\/v2\/types\/page"}],"author":[{"embeddable":true,"href":"https:\/\/www.ibmetall.ee\/en\/wp-json\/wp\/v2\/users\/1"}],"replies":[{"embeddable":true,"href":"https:\/\/www.ibmetall.ee\/en\/wp-json\/wp\/v2\/comments?post=1175"}],"version-history":[{"count":24,"href":"https:\/\/www.ibmetall.ee\/en\/wp-json\/wp\/v2\/pages\/1175\/revisions"}],"predecessor-version":[{"id":1180,"href":"https:\/\/www.ibmetall.ee\/en\/wp-json\/wp\/v2\/pages\/1175\/revisions\/1180"}],"wp:attachment":[{"href":"https:\/\/www.ibmetall.ee\/en\/wp-json\/wp\/v2\/media?parent=1175"}],"curies":[{"name":"wp","href":"https:\/\/api.w.org\/{rel}","templated":true}]}}