{"id":925,"date":"2020-02-24T11:45:30","date_gmt":"2020-02-24T11:45:30","guid":{"rendered":"http:\/\/localhost\/ibmetall\/?page_id=925"},"modified":"2021-01-11T19:00:23","modified_gmt":"2021-01-11T19:00:23","slug":"ventilatsioonitarvikud","status":"publish","type":"page","link":"https:\/\/www.ibmetall.ee\/en\/ventilatsioonitarvikud\/","title":{"rendered":"VENTILATION ACCESSORIES"},"content":{"rendered":"<div class=\"vc_row wpb_row vc_row-fluid\"><div class=\"wpb_column vc_column_container vc_col-sm-3\"><div class=\"vc_column-inner\"><div class=\"wpb_wrapper\"><\/div><\/div><\/div><div class=\"wpb_column vc_column_container vc_col-sm-3\"><div class=\"vc_column-inner\"><div class=\"wpb_wrapper\"><h2 style=\"font-size: 25px;color: #dd0000;text-align: left;font-family:Montserrat;font-weight:400;font-style:normal\" class=\"vc_custom_heading\" >VENTILATION ACCESSORIES<\/h2><div class=\"vc_separator wpb_content_element vc_separator_align_center vc_sep_width_100 vc_sep_dotted vc_sep_pos_align_left vc_separator_no_text vc_sep_color_mulled_wine\" ><span class=\"vc_sep_holder vc_sep_holder_l\"><span  class=\"vc_sep_line\"><\/span><\/span><span class=\"vc_sep_holder vc_sep_holder_r\"><span  class=\"vc_sep_line\"><\/span><\/span>\n<\/div>\n\t<div class=\"wpb_text_column wpb_content_element\" >\n\t\t<div class=\"wpb_wrapper\">\n\t\t\t<ul>\n<li style=\"text-align: left;\"><span style=\"font-family: Roboto; font-size: 16px;\">Storm covers<\/span><\/li>\n<li style=\"text-align: left;\"><span style=\"font-family: Roboto; font-size: 16px;\">Retaining rings<\/span><\/li>\n<li style=\"text-align: left;\"><span style=\"font-family: Roboto; font-size: 16px;\">Exhaust hoods and accessories<\/span><\/li>\n<\/ul>\n<p><span style=\"font-family: Roboto; font-size: 16px;\">All products can be made of different shapes and sizes and from other materials.<\/span><\/p>\n\n\t\t<\/div>\n\t<\/div>\n<div class=\"vc_separator wpb_content_element vc_separator_align_center vc_sep_width_100 vc_sep_dotted vc_sep_pos_align_left vc_separator_no_text vc_sep_color_mulled_wine\" ><span class=\"vc_sep_holder vc_sep_holder_l\"><span  class=\"vc_sep_line\"><\/span><\/span><span class=\"vc_sep_holder vc_sep_holder_r\"><span  class=\"vc_sep_line\"><\/span><\/span>\n<\/div><div class=\"vc_btn3-container vc_btn3-left\" ><a style=\"background-color:#ed0000; color:#ffffff;\" class=\"vc_general vc_btn3 vc_btn3-size-md vc_btn3-shape-rounded vc_btn3-style-custom\" href=\"https:\/\/www.ibmetall.ee\/en\/kontakt\/\" title=\"CONTACT\">CONTACT<\/a><\/div><\/div><\/div><\/div><div class=\"wpb_column vc_column_container vc_col-sm-3\"><div class=\"vc_column-inner\"><div class=\"wpb_wrapper\"><div class=\"vc_empty_space\"   style=\"height: 32px\"><span class=\"vc_empty_space_inner\"><\/span><\/div><div class=\"wpb_gallery wpb_content_element vc_clearfix\" ><div class=\"wpb_wrapper\"><div class=\"wpb_gallery_slides wpb_flexslider flexslider_fade flexslider\" data-interval=\"0\" data-flex_fx=\"fade\"><ul class=\"slides\"><li><a class=\"\" href=\"https:\/\/www.ibmetall.ee\/wp-content\/uploads\/2020\/02\/Tormikate1-768x1024.jpg\" data-lightbox=\"lightbox[rel-925-4043643613]\"><img width=\"1500\" height=\"2000\" src=\"https:\/\/www.ibmetall.ee\/wp-content\/uploads\/2020\/02\/Tormikate1-e1582554949567.jpg\" class=\"attachment-full\" alt=\"\" loading=\"lazy\" title=\"Tormikate1\" \/><\/a><\/li><li><a class=\"\" href=\"https:\/\/www.ibmetall.ee\/wp-content\/uploads\/2020\/02\/Tormikate3-1-768x1024.jpg\" data-lightbox=\"lightbox[rel-925-4043643613]\"><img width=\"1500\" height=\"2000\" src=\"https:\/\/www.ibmetall.ee\/wp-content\/uploads\/2020\/02\/Tormikate3-1-e1582554893647.jpg\" class=\"attachment-full\" alt=\"\" loading=\"lazy\" title=\"Tormikate3\" \/><\/a><\/li><li><a class=\"\" href=\"https:\/\/www.ibmetall.ee\/wp-content\/uploads\/2020\/03\/Kinnitusrongas2_loigatud.jpg\" data-lightbox=\"lightbox[rel-925-4043643613]\"><img width=\"674\" height=\"900\" src=\"https:\/\/www.ibmetall.ee\/wp-content\/uploads\/2020\/03\/Kinnitusrongas2_loigatud.jpg\" class=\"attachment-full\" alt=\"\" loading=\"lazy\" title=\"Kinnitusrongas2_loigatud\" srcset=\"https:\/\/www.ibmetall.ee\/wp-content\/uploads\/2020\/03\/Kinnitusrongas2_loigatud.jpg 674w, https:\/\/www.ibmetall.ee\/wp-content\/uploads\/2020\/03\/Kinnitusrongas2_loigatud-225x300.jpg 225w\" sizes=\"(max-width: 674px) 100vw, 674px\" \/><\/a><\/li><li><a class=\"\" href=\"https:\/\/www.ibmetall.ee\/wp-content\/uploads\/2020\/02\/Kubu1-1-768x1024.jpg\" data-lightbox=\"lightbox[rel-925-4043643613]\"><img width=\"1500\" height=\"2000\" src=\"https:\/\/www.ibmetall.ee\/wp-content\/uploads\/2020\/02\/Kubu1-1-e1582554993459.jpg\" class=\"attachment-full\" alt=\"\" loading=\"lazy\" title=\"Kubu1\" \/><\/a><\/li><li><a class=\"\" href=\"https:\/\/www.ibmetall.ee\/wp-content\/uploads\/2020\/02\/Kubu2-1-768x1024.jpg\" data-lightbox=\"lightbox[rel-925-4043643613]\"><img width=\"1500\" height=\"2000\" src=\"https:\/\/www.ibmetall.ee\/wp-content\/uploads\/2020\/02\/Kubu2-1-e1582554978317.jpg\" class=\"attachment-full\" alt=\"\" loading=\"lazy\" title=\"Kubu2\" \/><\/a><\/li><li><a class=\"\" href=\"https:\/\/www.ibmetall.ee\/wp-content\/uploads\/2021\/01\/138342969_1282651048772597_8085839760448033553_n.jpg\" data-lightbox=\"lightbox[rel-925-4043643613]\"><img width=\"640\" height=\"867\" src=\"https:\/\/www.ibmetall.ee\/wp-content\/uploads\/2021\/01\/138342969_1282651048772597_8085839760448033553_n.jpg\" class=\"attachment-full\" alt=\"\" loading=\"lazy\" title=\"138342969_1282651048772597_8085839760448033553_n\" srcset=\"https:\/\/www.ibmetall.ee\/wp-content\/uploads\/2021\/01\/138342969_1282651048772597_8085839760448033553_n.jpg 640w, https:\/\/www.ibmetall.ee\/wp-content\/uploads\/2021\/01\/138342969_1282651048772597_8085839760448033553_n-221x300.jpg 221w, https:\/\/www.ibmetall.ee\/wp-content\/uploads\/2021\/01\/138342969_1282651048772597_8085839760448033553_n-9x12.jpg 9w\" sizes=\"(max-width: 640px) 100vw, 640px\" \/><\/a><\/li><li><a class=\"\" href=\"https:\/\/www.ibmetall.ee\/wp-content\/uploads\/2021\/01\/138176827_230601918657709_4725919310457321326_n.jpg\" data-lightbox=\"lightbox[rel-925-4043643613]\"><img width=\"640\" height=\"867\" src=\"https:\/\/www.ibmetall.ee\/wp-content\/uploads\/2021\/01\/138176827_230601918657709_4725919310457321326_n.jpg\" class=\"attachment-full\" alt=\"\" loading=\"lazy\" title=\"138176827_230601918657709_4725919310457321326_n\" srcset=\"https:\/\/www.ibmetall.ee\/wp-content\/uploads\/2021\/01\/138176827_230601918657709_4725919310457321326_n.jpg 640w, https:\/\/www.ibmetall.ee\/wp-content\/uploads\/2021\/01\/138176827_230601918657709_4725919310457321326_n-221x300.jpg 221w, https:\/\/www.ibmetall.ee\/wp-content\/uploads\/2021\/01\/138176827_230601918657709_4725919310457321326_n-9x12.jpg 9w\" sizes=\"(max-width: 640px) 100vw, 640px\" \/><\/a><\/li><li><a class=\"\" href=\"https:\/\/www.ibmetall.ee\/wp-content\/uploads\/2021\/01\/138229736_692127118117013_6468421919673057658_n.jpg\" data-lightbox=\"lightbox[rel-925-4043643613]\"><img width=\"640\" height=\"867\" src=\"https:\/\/www.ibmetall.ee\/wp-content\/uploads\/2021\/01\/138229736_692127118117013_6468421919673057658_n.jpg\" class=\"attachment-full\" alt=\"\" loading=\"lazy\" title=\"138229736_692127118117013_6468421919673057658_n\" srcset=\"https:\/\/www.ibmetall.ee\/wp-content\/uploads\/2021\/01\/138229736_692127118117013_6468421919673057658_n.jpg 640w, https:\/\/www.ibmetall.ee\/wp-content\/uploads\/2021\/01\/138229736_692127118117013_6468421919673057658_n-221x300.jpg 221w, https:\/\/www.ibmetall.ee\/wp-content\/uploads\/2021\/01\/138229736_692127118117013_6468421919673057658_n-9x12.jpg 9w\" sizes=\"(max-width: 640px) 100vw, 640px\" \/><\/a><\/li><\/ul><\/div><\/div><\/div><\/div><\/div><\/div><div class=\"wpb_column vc_column_container vc_col-sm-3\"><div class=\"vc_column-inner\"><div class=\"wpb_wrapper\"><\/div><\/div><\/div><\/div>","protected":false},"excerpt":{"rendered":"VENT TARVIKUD Tormikatted Kinnitusr\u00f5ngad V\u00e4ljat\u00f5mbekubud + lisad K\u00f5iki tooteid on v\u00f5imalik valmistada erineva kuju ja suurusega ning teistest materjalidest. K\u00dcSI LISA","protected":false},"author":1,"featured_media":0,"parent":0,"menu_order":0,"comment_status":"closed","ping_status":"closed","template":"","meta":{"_monsterinsights_skip_tracking":false,"_monsterinsights_sitenote_active":false,"_monsterinsights_sitenote_note":"","_monsterinsights_sitenote_category":0},"yoast_head":"<!-- This site is optimized with the Yoast SEO plugin v18.5.1 - https:\/\/yoast.com\/wordpress\/plugins\/seo\/ -->\n<title>VENTILATSIOONITARVIKUD -<\/title>\n<meta name=\"robots\" content=\"index, follow, max-snippet:-1, max-image-preview:large, max-video-preview:-1\" \/>\n<link rel=\"canonical\" href=\"https:\/\/www.ibmetall.ee\/en\/ventilatsioonitarvikud\/\" \/>\n<meta property=\"og:locale\" content=\"en_GB\" \/>\n<meta property=\"og:type\" content=\"article\" \/>\n<meta property=\"og:title\" content=\"VENTILATSIOONITARVIKUD -\" \/>\n<meta property=\"og:url\" content=\"https:\/\/www.ibmetall.ee\/en\/ventilatsioonitarvikud\/\" \/>\n<meta property=\"article:modified_time\" content=\"2021-01-11T19:00:23+00:00\" \/>\n<meta name=\"twitter:card\" content=\"summary_large_image\" \/>\n<meta name=\"twitter:label1\" content=\"Estimated reading time\" \/>\n\t<meta name=\"twitter:data1\" content=\"1 minute\" \/>\n<script type=\"application\/ld+json\" class=\"yoast-schema-graph\">{\"@context\":\"https:\/\/schema.org\",\"@graph\":[{\"@type\":\"Organization\",\"@id\":\"https:\/\/www.ibmetall.ee\/#organization\",\"name\":\"IB Metall O\u00dc\",\"url\":\"https:\/\/www.ibmetall.ee\/\",\"sameAs\":[],\"logo\":{\"@type\":\"ImageObject\",\"@id\":\"https:\/\/www.ibmetall.ee\/#logo\",\"inLanguage\":\"en-GB\",\"url\":\"https:\/\/www.ibmetall.ee\/wp-content\/uploads\/2020\/03\/IB_Metall_Logo-removebg-preview.png\",\"contentUrl\":\"https:\/\/www.ibmetall.ee\/wp-content\/uploads\/2020\/03\/IB_Metall_Logo-removebg-preview.png\",\"width\":140,\"height\":51,\"caption\":\"IB Metall O\u00dc\"},\"image\":{\"@id\":\"https:\/\/www.ibmetall.ee\/#logo\"}},{\"@type\":\"WebSite\",\"@id\":\"https:\/\/www.ibmetall.ee\/#website\",\"url\":\"https:\/\/www.ibmetall.ee\/\",\"name\":\"IB Metall\",\"description\":\"\",\"publisher\":{\"@id\":\"https:\/\/www.ibmetall.ee\/#organization\"},\"potentialAction\":[{\"@type\":\"SearchAction\",\"target\":{\"@type\":\"EntryPoint\",\"urlTemplate\":\"https:\/\/www.ibmetall.ee\/?s={search_term_string}\"},\"query-input\":\"required name=search_term_string\"}],\"inLanguage\":\"en-GB\"},{\"@type\":\"WebPage\",\"@id\":\"https:\/\/www.ibmetall.ee\/ventilatsioonitarvikud\/#webpage\",\"url\":\"https:\/\/www.ibmetall.ee\/ventilatsioonitarvikud\/\",\"name\":\"VENTILATSIOONITARVIKUD -\",\"isPartOf\":{\"@id\":\"https:\/\/www.ibmetall.ee\/#website\"},\"datePublished\":\"2020-02-24T11:45:30+00:00\",\"dateModified\":\"2021-01-11T19:00:23+00:00\",\"breadcrumb\":{\"@id\":\"https:\/\/www.ibmetall.ee\/ventilatsioonitarvikud\/#breadcrumb\"},\"inLanguage\":\"en-GB\",\"potentialAction\":[{\"@type\":\"ReadAction\",\"target\":[\"https:\/\/www.ibmetall.ee\/ventilatsioonitarvikud\/\"]}]},{\"@type\":\"BreadcrumbList\",\"@id\":\"https:\/\/www.ibmetall.ee\/ventilatsioonitarvikud\/#breadcrumb\",\"itemListElement\":[{\"@type\":\"ListItem\",\"position\":1,\"name\":\"Home\",\"item\":\"https:\/\/www.ibmetall.ee\/\"},{\"@type\":\"ListItem\",\"position\":2,\"name\":\"VENTILATSIOONITARVIKUD\"}]}]}<\/script>\n<!-- \/ Yoast SEO plugin. -->","yoast_head_json":{"title":"VENTILATSIOONITARVIKUD -","robots":{"index":"index","follow":"follow","max-snippet":"max-snippet:-1","max-image-preview":"max-image-preview:large","max-video-preview":"max-video-preview:-1"},"canonical":"https:\/\/www.ibmetall.ee\/en\/ventilatsioonitarvikud\/","og_locale":"en_GB","og_type":"article","og_title":"VENTILATSIOONITARVIKUD -","og_url":"https:\/\/www.ibmetall.ee\/en\/ventilatsioonitarvikud\/","article_modified_time":"2021-01-11T19:00:23+00:00","twitter_card":"summary_large_image","twitter_misc":{"Estimated reading time":"1 minute"},"schema":{"@context":"https:\/\/schema.org","@graph":[{"@type":"Organization","@id":"https:\/\/www.ibmetall.ee\/#organization","name":"IB Metall O\u00dc","url":"https:\/\/www.ibmetall.ee\/","sameAs":[],"logo":{"@type":"ImageObject","@id":"https:\/\/www.ibmetall.ee\/#logo","inLanguage":"en-GB","url":"https:\/\/www.ibmetall.ee\/wp-content\/uploads\/2020\/03\/IB_Metall_Logo-removebg-preview.png","contentUrl":"https:\/\/www.ibmetall.ee\/wp-content\/uploads\/2020\/03\/IB_Metall_Logo-removebg-preview.png","width":140,"height":51,"caption":"IB Metall O\u00dc"},"image":{"@id":"https:\/\/www.ibmetall.ee\/#logo"}},{"@type":"WebSite","@id":"https:\/\/www.ibmetall.ee\/#website","url":"https:\/\/www.ibmetall.ee\/","name":"IB Metall","description":"","publisher":{"@id":"https:\/\/www.ibmetall.ee\/#organization"},"potentialAction":[{"@type":"SearchAction","target":{"@type":"EntryPoint","urlTemplate":"https:\/\/www.ibmetall.ee\/?s={search_term_string}"},"query-input":"required name=search_term_string"}],"inLanguage":"en-GB"},{"@type":"WebPage","@id":"https:\/\/www.ibmetall.ee\/ventilatsioonitarvikud\/#webpage","url":"https:\/\/www.ibmetall.ee\/ventilatsioonitarvikud\/","name":"VENTILATSIOONITARVIKUD -","isPartOf":{"@id":"https:\/\/www.ibmetall.ee\/#website"},"datePublished":"2020-02-24T11:45:30+00:00","dateModified":"2021-01-11T19:00:23+00:00","breadcrumb":{"@id":"https:\/\/www.ibmetall.ee\/ventilatsioonitarvikud\/#breadcrumb"},"inLanguage":"en-GB","potentialAction":[{"@type":"ReadAction","target":["https:\/\/www.ibmetall.ee\/ventilatsioonitarvikud\/"]}]},{"@type":"BreadcrumbList","@id":"https:\/\/www.ibmetall.ee\/ventilatsioonitarvikud\/#breadcrumb","itemListElement":[{"@type":"ListItem","position":1,"name":"Home","item":"https:\/\/www.ibmetall.ee\/"},{"@type":"ListItem","position":2,"name":"VENTILATSIOONITARVIKUD"}]}]}},"_links":{"self":[{"href":"https:\/\/www.ibmetall.ee\/en\/wp-json\/wp\/v2\/pages\/925"}],"collection":[{"href":"https:\/\/www.ibmetall.ee\/en\/wp-json\/wp\/v2\/pages"}],"about":[{"href":"https:\/\/www.ibmetall.ee\/en\/wp-json\/wp\/v2\/types\/page"}],"author":[{"embeddable":true,"href":"https:\/\/www.ibmetall.ee\/en\/wp-json\/wp\/v2\/users\/1"}],"replies":[{"embeddable":true,"href":"https:\/\/www.ibmetall.ee\/en\/wp-json\/wp\/v2\/comments?post=925"}],"version-history":[{"count":65,"href":"https:\/\/www.ibmetall.ee\/en\/wp-json\/wp\/v2\/pages\/925\/revisions"}],"predecessor-version":[{"id":1646,"href":"https:\/\/www.ibmetall.ee\/en\/wp-json\/wp\/v2\/pages\/925\/revisions\/1646"}],"wp:attachment":[{"href":"https:\/\/www.ibmetall.ee\/en\/wp-json\/wp\/v2\/media?parent=925"}],"curies":[{"name":"wp","href":"https:\/\/api.w.org\/{rel}","templated":true}]}}